{"id":2667,"date":"2023-08-16T09:15:55","date_gmt":"2023-08-16T07:15:55","guid":{"rendered":"https:\/\/fhs-group.ch\/?page_id=2667"},"modified":"2024-10-24T17:49:53","modified_gmt":"2024-10-24T15:49:53","slug":"datenschutzerklaerung","status":"publish","type":"page","link":"https:\/\/fhs-group.ch\/de\/datenschutzerklaerung\/","title":{"rendered":"Datenschutzerklaerung"},"content":{"rendered":"\t\t<div data-elementor-type=\"wp-page\" data-elementor-id=\"2667\" class=\"elementor elementor-2667 elementor-3\" data-elementor-post-type=\"page\">\n\t\t\t\t\t\t\t\t\t<section class=\"elementor-section elementor-top-section elementor-element elementor-element-24f8240 elementor-section-boxed elementor-section-height-default elementor-section-height-default\" data-id=\"24f8240\" data-element_type=\"section\">\n\t\t\t\t\t\t<div class=\"elementor-container elementor-column-gap-default\">\n\t\t\t\t\t<div class=\"elementor-column elementor-col-100 elementor-top-column elementor-element elementor-element-fee3f67\" data-id=\"fee3f67\" data-element_type=\"column\">\n\t\t\t<div class=\"elementor-widget-wrap elementor-element-populated\">\n\t\t\t\t\t\t\t\t<div class=\"elementor-element elementor-element-2f866de elementor-widget-tablet__width-initial elementor-widget-mobile__width-inherit elementor-widget elementor-widget-heading\" data-id=\"2f866de\" data-element_type=\"widget\" data-widget_type=\"heading.default\">\n\t\t\t\t<div class=\"elementor-widget-container\">\n\t\t\t<style>\/*! elementor - v3.17.0 - 01-11-2023 *\/\n.elementor-heading-title{padding:0;margin:0;line-height:1}.elementor-widget-heading .elementor-heading-title[class*=elementor-size-]>a{color:inherit;font-size:inherit;line-height:inherit}.elementor-widget-heading .elementor-heading-title.elementor-size-small{font-size:15px}.elementor-widget-heading .elementor-heading-title.elementor-size-medium{font-size:19px}.elementor-widget-heading .elementor-heading-title.elementor-size-large{font-size:29px}.elementor-widget-heading .elementor-heading-title.elementor-size-xl{font-size:39px}.elementor-widget-heading .elementor-heading-title.elementor-size-xxl{font-size:59px}<\/style><h1 class=\"elementor-heading-title elementor-size-xl\">FHS |  <span class=\"secondary-text thin\">Datenschutzerklaerung<\/span><\/h1>\t\t<\/div>\n\t\t\t\t<\/div>\n\t\t\t\t<div class=\"elementor-element elementor-element-5004a70 elementor-widget elementor-widget-spacer\" data-id=\"5004a70\" data-element_type=\"widget\" data-widget_type=\"spacer.default\">\n\t\t\t\t<div class=\"elementor-widget-container\">\n\t\t\t<style>\/*! elementor - v3.17.0 - 01-11-2023 *\/\n.elementor-column .elementor-spacer-inner{height:var(--spacer-size)}.e-con{--container-widget-width:100%}.e-con-inner>.elementor-widget-spacer,.e-con>.elementor-widget-spacer{width:var(--container-widget-width,var(--spacer-size));--align-self:var(--container-widget-align-self,initial);--flex-shrink:0}.e-con-inner>.elementor-widget-spacer>.elementor-widget-container,.e-con>.elementor-widget-spacer>.elementor-widget-container{height:100%;width:100%}.e-con-inner>.elementor-widget-spacer>.elementor-widget-container>.elementor-spacer,.e-con>.elementor-widget-spacer>.elementor-widget-container>.elementor-spacer{height:100%}.e-con-inner>.elementor-widget-spacer>.elementor-widget-container>.elementor-spacer>.elementor-spacer-inner,.e-con>.elementor-widget-spacer>.elementor-widget-container>.elementor-spacer>.elementor-spacer-inner{height:var(--container-widget-height,var(--spacer-size))}.e-con-inner>.elementor-widget-spacer.elementor-widget-empty,.e-con>.elementor-widget-spacer.elementor-widget-empty{position:relative;min-height:22px;min-width:22px}.e-con-inner>.elementor-widget-spacer.elementor-widget-empty .elementor-widget-empty-icon,.e-con>.elementor-widget-spacer.elementor-widget-empty .elementor-widget-empty-icon{position:absolute;top:0;bottom:0;left:0;right:0;margin:auto;padding:0;width:22px;height:22px}<\/style>\t\t<div class=\"elementor-spacer\">\n\t\t\t<div class=\"elementor-spacer-inner\"><\/div>\n\t\t<\/div>\n\t\t\t\t<\/div>\n\t\t\t\t<\/div>\n\t\t\t\t<div class=\"elementor-element elementor-element-67abfc8 elementor-widget elementor-widget-text-editor\" data-id=\"67abfc8\" data-element_type=\"widget\" data-widget_type=\"text-editor.default\">\n\t\t\t\t<div class=\"elementor-widget-container\">\n\t\t\t<style>\/*! elementor - v3.17.0 - 01-11-2023 *\/\n.elementor-widget-text-editor.elementor-drop-cap-view-stacked .elementor-drop-cap{background-color:#69727d;color:#fff}.elementor-widget-text-editor.elementor-drop-cap-view-framed .elementor-drop-cap{color:#69727d;border:3px solid;background-color:transparent}.elementor-widget-text-editor:not(.elementor-drop-cap-view-default) .elementor-drop-cap{margin-top:8px}.elementor-widget-text-editor:not(.elementor-drop-cap-view-default) .elementor-drop-cap-letter{width:1em;height:1em}.elementor-widget-text-editor .elementor-drop-cap{float:left;text-align:center;line-height:1;font-size:50px}.elementor-widget-text-editor .elementor-drop-cap-letter{display:inline-block}<\/style>\t\t\t\t<p>\u00a0<\/p><ol><li><h2>Wer wir sind<\/h2><\/li><\/ol><p><em>\u00a0<\/em><\/p><p>Die Fiduciaire Horlog\u00e8re Suisse SA (nachstehend FHS Group) ist eine Aktiengesellschaft nach Schweizer Recht mit Sitz in Biel, eingetragen im Handelsregister unter der Nr. CHE-105.790.611, mit Niederlassung in La Chaux-de-Fonds.<\/p><p>\u00a0<\/p><p>Das Dienstleistungsangebot der FHS Group umfasst unter anderem:<\/p><ul><li>Revisionsdienstleistungen,<\/li><li>Beratung von Unternehmen und Privatpersonen<\/li><li>F\u00fchren von Buchhaltungen und Lohnbuchhaltungen<\/li><li>Steuerberatungen f\u00fcr Unternehmen und Privatpersonen<\/li><\/ul><p>\u00a0<\/p><p>\u00a0<\/p><ol start=\"2\"><li><h2>Grundlagen der Datenverarbeitung<\/h2><\/li><\/ol><p>\u00a0<\/p><p>Diese Datenschutzerkl\u00e4rung beschreibt, wie wir Personendaten bearbeiten, insbesondere welche Personendaten wir zu welchem Zweck erheben. Sie regelt zudem die Datenweitergabe, die Aufbewahrungsfrist sowie Ihre Rechte.<\/p><p>\u00a0<\/p><p>Unter Personendaten (nachfolgend auch als Daten bezeichnet) sind alle Angaben zu verstehen, die sich auf eine bestimmte oder bestimmbare nat\u00fcrliche Person beziehen. Der Begriff \u00abDatenbearbeitung\u00bb ist situativ zu verstehen und umfasst jeden Umgang mit Personendaten, unabh\u00e4ngig von den angewandten Mitteln und Verfahren, insbesondere das Beschaffen, Aufbewahren, Verwenden, Ver\u00e4ndern, Bekanntgeben, Archivieren oder Vernichten von Daten.<\/p><p>\u00a0<\/p><p>Wir erheben und bearbeiten Personendaten zur Erf\u00fcllung unserer gesch\u00e4ftlichen Aufgaben, im gesetzlich und vertraglich geregelten Rahmen. Die Erhebung, Bearbeitung und Nutzung von Personendaten unterliegen der geltenden schweizerischen<a href=\"#_ftn1\" name=\"_ftnref1\">[1]<\/a> und, sofern anwendbar, europ\u00e4ischen Rechtsbestimmungen<a href=\"#_ftn2\" name=\"_ftnref2\">[2]<\/a>.<\/p><p>\u00a0<\/p><p>Wir erheben Personendaten auf transparente Weise und unter Beachtung der Grunds\u00e4tze der Verh\u00e4ltnism\u00e4ssigkeit und der Zweckbindung. Die Daten werden nur in dem Ausmass und so lange bearbeitet, wie dies f\u00fcr unsere Aufgaben und Pflichten notwendig ist.<\/p><p>\u00a0<\/p><p>\u00a0<\/p><ol start=\"3\"><li><h2>Zweck der Erhebung und Bearbeitung von Personendaten<\/h2><\/li><\/ol><p>Wir bearbeiten jene Personendaten, die erforderlich sind, um unser Angebot dauerhaft, sicher und zuverl\u00e4ssig gew\u00e4hrleisten zu k\u00f6nnen. Dazu geh\u00f6ren insbesondere:\u00a0<\/p><ul><li>Abwicklung und Verwaltung von vertraglichen Beziehungen gegen\u00fcber Kunden, Mitarbeitenden, Lieferanten etc.;<\/li><li>Kontaktpflege und Kommunikation im Zusammenhang mit einer Leistungserbringung;<\/li><li>Betrieb der Website www.fhs-group.ch;<\/li><li>Gew\u00e4hrleistung der Sicherheit, Erf\u00fcllung rechtlicher Pflichten, Durchsetzung von Anspr\u00fcchen;<\/li><li>Versand von Einladungen und Durchf\u00fchrung von Veranstaltungen und Webinaren;<\/li><li>Marketingaktionen und Versand von Newslettern<\/li><\/ul><p><em>\u00a0<\/em><\/p><ol start=\"4\"><li><h2>Welche Personendaten bearbeiten wir?<\/h2><\/li><\/ol><p><strong>\u00a0<\/strong><\/p><ul><li><strong>Generelle Kontakt- und Grunddaten<\/strong><\/li><\/ul><p>\u00a0<\/p><p>Je nach Zweck der Datenbearbeitung, Kundensegment und Leistungsbereiche erheben wir verschiedene Arten von Personendaten, darunter unter Umst\u00e4nden auch besonders sch\u00fctzenswerte Personendaten.<\/p><p>\u00a0<\/p><p>Wir bearbeiten von allen Kontakt-, Dialog- und Vertragspartnern sowie Kunden zumindest die folgenden Personendaten: \u00a0<\/p><p>\u00a0<\/p><ul><li>Name, Vorname, E-Mail-Adresse und gegebenenfalls Geschlecht, Adresse, Telefonnummer, Titel, Geburtsdatum, Nationalit\u00e4t, Beruf, Informationen zum Arbeitgeber, Titel, AHV-Nummer;<\/li><\/ul><ul><li>E-Mail- und schriftliche Korrespondenz (Post).<\/li><\/ul><p>Daneben erheben und bearbeiten wir je nach Zweck der Datenbearbeitung, Kundensegment und Leistungsbereich <strong>zus\u00e4tzlich Daten gem\u00e4ss den Beschreibungen in den nachfolgenden Ziffern<\/strong>:<\/p><p>\u00a0<\/p><p>\u00a0<\/p><ul><li><strong>Daten zur Mandatsabwicklung<\/strong><\/li><\/ul><p>\u00a0<\/p><p>F\u00fcr die Erbringung unserer Dienstleistungen, Verwaltung unserer Mandate und zur Kommunikation mit unserer Kundschaft bearbeiten wir folgende Personendaten:<\/p><ul><li>Generelle Kontakt- und Grunddaten gem\u00e4ss Ziff. 4.1;<\/li><li>Bei Unternehmen:<ul><li>Rechtsform, Gesellschaftskapital und liberiertes Kapital, Gr\u00fcndungsjahr des Unternehmens, externe Revisionsstelle, Umsatz im In- und Ausland, erzielter Jahresumsatz pro T\u00e4tigkeitsbereich, Register-Nr.;<\/li><li>Zweigniederlassungen<strong>: <\/strong>Ort der Zweigniederlassung, Firmenbezeichnung, Adresse, Telefon, Internet, E-Mail, Korrespondenzsprache;<\/li><li>Angaben \u00fcber den Personalbestand: Fachbereiche, Anzahl Mitarbeitende bzw. Verantwortliche, Stellenprozente;<\/li><\/ul><\/li><li>Finanzielle Informationen;<\/li><li>Risikobewertungsdaten:<ul><li>Betreibungsregisterausz\u00fcge;<\/li><li>Leitung und Beherrschung des Unternehmens:<ul><li>Angaben \u00fcber die am Unternehmen beteiligten nat\u00fcrlichen Personen\/Gesellschafter und Mitglieder der Unternehmensf\u00fchrung: Name, Vorname, Geburtsjahr, Nationalit\u00e4t, Funktion, Stimmenanteil, Informationen \u00fcber die T\u00e4tigkeit im Unternehmen;<\/li><li>Angaben \u00fcber die am Unternehmen beteiligten Gesellschaften und Stiftungen: Firma, Sitz, Bereich, Beteiligungsgrad;<\/li><li>Angaben zur Kontaktperson: Name, Vorname, Geburtsdatum, E-Mail und Telefonnummer;<\/li><\/ul><\/li><li>Angaben zur Anstellung von Verantwortlichen bei Drittunternehmen und gegebenenfalls, Name, Vorname, Firma, Branche, Funktion und Besch\u00e4ftigungsgrad der Anstellung;<\/li><li>Angaben zu den Beteiligungsverh\u00e4ltnissen<\/li><\/ul><\/li><li>Zahlungsinformationen;<\/li><li>Mandatsdaten wie:<ul><li>Statuten, Protokolle, Vertr\u00e4ge,<\/li><li>Mitarbeiterdaten (Lohn, Sozialversicherung),<\/li><li>Buchhaltungs- und Steuerinformationen,<\/li><li>besonders sch\u00fctzenswerte Personendaten [wie Daten zur Gesundheit, zur Religion, \u00fcber den Bezug von Sozialhilfe, \u00fcber Betreibungen oder Konkurse].<\/li><li>Identit\u00e4tsdaten, wie z. B. Kopien von Ausweispapieren oder P\u00e4ssen im Falle einer Firmengr\u00fcndung und zur Rechtfertigung gegen\u00fcber Beh\u00f6rden.<\/li><\/ul><\/li><\/ul><p>\u00a0<\/p><p>\u00a0<\/p><ul><li>Privatpersonen :<ul><li>Daten, die f\u00fcr die Erstellung der Steuererkl\u00e4rung erforderlich sind.<\/li><li>Verm\u00f6gensstand, Bankausz\u00fcge, Betreibungsausz\u00fcge<\/li><li>Erbschaften<\/li><\/ul><\/li><\/ul><p>Es handelt sich dabei vor allem um Daten unserer Kunden. Sie k\u00f6nnen aber auch Dritte betreffen, wie Mitarbeitende, Kontaktpersonen oder Personen, die in einer (vertraglichen) Beziehung zu unseren Kunden stehen. Unsere Kunden k\u00f6nnen daher auch auf diese Datenschutzerkl\u00e4rung verweisen, m\u00fcssen aber auch selbst Massnahmen ergreifen, um die Datenschutzgesetzgebung einzu\u00adhalten.<\/p><p>Die Datenbearbeitung dient der Ausf\u00fchrung und Verwaltung der Mandate, der Bonit\u00e4tspr\u00fcfung, der Vermeidung von Interessenkonflikten und der Qualit\u00e4tspr\u00fcfung. Sie erf\u00fcllt auch die gesetzlichen und die vertraglichen Anforderungen.<\/p><p>\u00a0<\/p><p>Die Daten werden in der Regel direkt von den Kunden kommuniziert und zur Verf\u00fcgung gestellt. Je nach Art und Umfang des Mandats k\u00f6nnen sie aber auch von Beh\u00f6rden, Gerichten oder Dritten stammen. Unter Umst\u00e4nden k\u00f6nnen Daten auch direkt beim Arbeitgeber der betreffenden Personen erhoben werden.<\/p><p>\u00a0<\/p><p>\u00a0<\/p><ul><li><strong>Daten f\u00fcr Mailings und Newsletter<br \/><br \/><\/strong><\/li><\/ul><p>Zum Zweck der Zusendung von Informationen \u00fcber Veranstaltungen, Publikationen usw. <em>\u00a0<\/em>(Marketingzwecke) sowie f\u00fcr den Versand von Newslettern bearbeiten wir folgende Personendaten:<\/p><ul><li>Generelle Kontakt- und Grunddaten gem\u00e4ss Ziff. 4.1;<\/li><\/ul><p>Diese Daten sind f\u00fcr die Erbringung der Dienstleistung, zur Kommunikation oder zur Pflege unseres Kundestammes notwendig. Um unsere Dienstleistungen zu verbessern, werden Informationen im Zusammenhang mit Marketing, Mailings, und Newslettern werden auch statistisch ausgewertet. Sie k\u00f6nnen der Verwendung Ihrer pers\u00f6nlichen Daten zu Marketingzwecken jederzeit widersprechen oder sich vom Empfang des Newsletters abmelden.<\/p><p>\u00a0<\/p><p>\u00a0<\/p><ul><li><strong>Daten f\u00fcr die Organisation und Durchf\u00fchrung von Veranstaltungen <\/strong><\/li><\/ul><p>\u00a0<\/p><p>F\u00fcr die Organisation und Durchf\u00fchrung von Veranstaltungen werden folgende Personendaten bearbeitet:<\/p><ul><li>Generelle Kontakt- und Grunddaten gem\u00e4ss Ziff. 4.1;<\/li><li>Informationen \u00fcber den Arbeitgeber (wie Firma, Adresse, E-Mail-Adresse), Teilnehmende und Referenten;<\/li><li>Unter Umst\u00e4nden Bilder oder Videos.<ul><li><strong>Daten \u00fcber das Personal <\/strong><\/li><\/ul><\/li><\/ul><p><strong>\u00a0<\/strong><\/p><p><strong>\u00a0<\/strong><\/p><p>Die folgenden Daten werden f\u00fcr die Verwaltung der Rekrutierung verarbeitet:<\/p><ul><li>Kontaktdaten und allgemeine Stammdaten gem\u00e4ss Ziff. 4.1;<\/li><li>Bewerbungsinformationen wie Bewerbungsschreiben, Lebenslauf, Arbeitszeugnisse, Diplome, Auswertung von Vorstellungsgespr\u00e4chen, Beurteilungen, Referenzen;<\/li><\/ul><p>\u00a0<\/p><p>Bewerbungsunterlagen, die nicht zu einer Einstellung f\u00fchren, werden nach Abschluss des Bewerbungsverfahrens, soweit wir nicht eine Einwilligung zur Aufbewahrung erhalten, gel\u00f6scht\/vernichtet.<\/p><p>\u00a0<\/p><p>\u00a0<\/p><p>F\u00fcr die Mitarbeiterverwaltung werden folgende Daten bearbeitet:<\/p><ul><li>Generelle Kontakt- und Grunddaten gem\u00e4ss Ziff. 4.1;<\/li><li>Sozialversicherungsangaben\/AHV-Nr.;<\/li><li>Informationen zur Familiensituation, zum Ehepartner und \u00fcber Kinder;<\/li><li>Informationen \u00fcber die Stelle innerhalb unseres Unternehmens wie Anstellungsdatum, Funktion, Gehalt, Arbeitsvertrag;<\/li><li>Bewerbungsinformationen wie Motivationsschreiben, Lebenslauf, Arbeitszeugnisse, Diplome, Auswertung der Bewerbungsgespr\u00e4che, Assessments, Referenzausk\u00fcnfte;<\/li><li>Finanzinformationen und Bankverbindungen;<\/li><li>F\u00fcr quellenbesteuerte Mitarbeiterinnen und Mitarbeiter: Konfession, Ausl\u00e4nderausweis, Angaben \u00fcber andere Erwerbst\u00e4tigkeiten, Ersatzeink\u00fcnfte und Partnerinformationen;<\/li><li>Informationen zu periodischen Beurteilungsgespr\u00e4chen;<\/li><li>Zeit- und Ferienerfassung;<\/li><li>Informationen \u00fcber Krankheiten, Unf\u00e4lle, Mutterschafts- oder Vaterschaftsurlaub, Milit\u00e4r oder Zivilschutz;<\/li><li>Straf- und\/oder Betreibungsregisterausz\u00fcge;<\/li><\/ul><p>Die Daten dienen einer korrekten Abwicklung im Personalwesen, der Erf\u00fcllung der vertraglichen Beziehung (Arbeitsvertrag) und werden haupts\u00e4chlich von den Mitarbeitenden eingereicht.<\/p><p>\u00a0<\/p><p>\u00a0<\/p><ul><li><strong>Betrieb, Kontrolle und Verbesserung der Website und weiteren elektronischen Kan\u00e4len <\/strong><\/li><\/ul><p>\u00a0<\/p><ul><li><u>Server-Logfiles<\/u><\/li><\/ul><p>\u00a0<\/p><p>Unsere Website kann benutzt werden, ohne dass weitgehende Personendaten offengelegt werden m\u00fcssen. Der Server erfasst jedoch mit jedem Aufruf Benutzerinformationen. Diese werden tempor\u00e4r in den Logfiles des Servers gespeichert. Eine Zuordnung zu einer bestimmten Person findet jedoch nicht statt. Logfiles enthalten folgende Informationen:<\/p><ul><li>Datum, Zeit des Zugriffs und Datenmenge,<\/li><li>den benutzen Browser sowie das Betriebssystem,<\/li><li>den Domainnamen des Providers,<\/li><li>die Seite, von der Sie zu unserer Site gekommen sind (Referred URL),<\/li><li>die Suchanfrage,<\/li><li>die IP-Adresse.<\/li><\/ul><p>Die Erhebung dieser Daten ist technisch erforderlich: Die erhobenen Daten dienen der Stabilit\u00e4t und Sicherheit der Website und werden genutzt, um die Nutzung der Website zu analysieren und sie zu verbessern. Sie erm\u00f6glichen zudem eine genaue Pr\u00fcfung bei Verdacht auf eine rechtswidrige Nutzung unserer Website.<\/p><p>\u00a0<\/p><p>\u00a0<\/p><ol start=\"5\"><li><h2>Datenerfassung, Aufbewahrungsdauer, Sicherheitsmassnahmen<\/h2><\/li><\/ol><p><strong>\u00a0<\/strong><\/p><ul><li><strong>Aufbewahrungsdauer<\/strong><\/li><\/ul><p><strong>\u00a0<\/strong><\/p><p>Wir bewahren personenbezogene Daten so lange auf, wie sie f\u00fcr den Zweck, zu dem sie gesammelt wurden, gebraucht werden, oder aber f\u00fcr eine Dauer, zu der wir aufgrund geltender Gesetze, Vorschriften oder vertraglicher Vereinbarungen verpflichtet sind sowie solange wir ein \u00fcberwiegendes Interesse an der Aufbewahrung haben. Danach werden die Daten gel\u00f6scht.<\/p><p>\u00a0<\/p><p>\u00a0<\/p><ul><li><strong>Datensicherheit<\/strong><\/li><\/ul><p>\u00a0<\/p><p>Wir treffen angemessene technische und organisatorische Sicherheitsmassnahmen zum Schutz der Personendaten vor unberechtigtem Zugriff und Missbrauch. Darunter fallen IT- und Netzwerksicherheitsl\u00f6sungen, Zugangsbeschr\u00e4nkungen, Verschl\u00fcsselung von Datentr\u00e4gern und \u00dcbermittlungen, Weisungen, Schulungen und Kontrollen.<\/p><p>\u00a0<\/p><p>Die Daten werden in den von uns benutzten Applikationen und Software-Anwendungen gespeichert. [Die Daten werden auf Servern in der Schweiz oder in Europa.<\/p><p>\u00a0<\/p><p>Haben Dritte Zugriff zu unseren Daten, werden besondere Massnahmen getroffen, die im Auftragsverarbeitungsvertrag geregelt sind (siehe Ziffer 8).<\/p><p>\u00a0<\/p><p>\u00a0<\/p><ol start=\"6\"><li><h2>Social-Media-Kan\u00e4le<\/h2><\/li><\/ol><p>\u00a0<\/p><p>\u00a0<\/p><p>Wir verweisen (zudem) mittels Links auf unsere jeweiligen Social-Media-Kan\u00e4le. Dabei handelt es sich lediglich um einen statischen Verweis auf den jeweiligen Kanal. Wenn Sie sich mit unseren Social-Media-Kan\u00e4len verbinden, erhalten wir Informationen, welche in Ihrem Profil gespeichert sind (Kontaktinformationen) und allf\u00e4llige Informationen \u00fcber mit Ihnen befreundete Profile.<\/p><p>\u00a0<\/p><p>Zweck und Umfang der Datensammlung und die weitere Bearbeitung Ihrer Daten durch den Anbieter sowie Ihre diesbez\u00fcglichen Rechte und Einstellungsm\u00f6glichkeiten zum Schutz Ihrer Privatsph\u00e4re entnehmen Sie bitte den Datenschutzhinweisen der Anbieter.<\/p><ul><li>LinkedIn Corporation:\u00a0<a href=\"https:\/\/www.linkedin.com\/legal\/privacy-policy\">https:\/\/www.linkedin.com\/legal\/privacy-policy\u00bb<\/a><\/li><\/ul><p>\u00a0<\/p><p>\u00a0<\/p><ol start=\"7\"><li><h2>Tracking-Technologie und IT-Tools von Drittanbietern<\/h2><\/li><\/ol><p>\u00a0<\/p><p>\u00a0<\/p><ul><li><strong>Newsletter-Versand <\/strong><\/li><\/ul><p>\u00a0<\/p><p>Die Newsletter enthalten sog. \u00abweb-beacons\u00bb, d.h. eine pixelgrosse Datei, die beim \u00d6ffnen des Newsletters abgerufen wird. Im Rahmen dieses Abrufs werden zun\u00e4chst technische Informationen erhoben wie Informationen \u00fcber den Browser und Ihr System sowie Ihre IP-Adresse und die Uhrzeit des Abrufs.<\/p><p>\u00a0<\/p><p>Diese Informationen dienen der technischen Verbesserung der Services anhand der technischen Daten oder der Zielgruppen und Ihres Leseverhaltens anhand der Abruforte (die mit Hilfe der IP-Adresse bestimmbar sind) oder der Zugriffszeiten. Zu den statistischen Erhebungen geh\u00f6rt ebenfalls die Feststellung, ob die Newsletter ge\u00f6ffnet werden, wann sie ge\u00f6ffnet werden und welche Links geklickt werden. Diese Informationen k\u00f6nnen aus technischen Gr\u00fcnden den einzelnen Empf\u00e4ngern zugeordnet werden. Wir nutzen diese Informationen aber nur, um die Lesegewohnheiten unserer Nutzer zu erkennen und die Inhalte anzupassen, um so den Newsletter zu verbessern.<\/p><p>\u00a0<\/p><p>Der Versanddienstleister kann die Daten der Empf\u00e4nger in pseudonymer Form, d.h. ohne Zuordnung zu einem Nutzer, zur Optimierung oder Verbesserung der eigenen Services nutzen, z.B. zur technischen Optimierung des Versandes und der Darstellung der Newsletter oder f\u00fcr statistische Zwecke verwenden. Er nutzt die Daten unserer Newsletter-Empf\u00e4nger jedoch nicht, um diese selbst anzuschreiben oder um die Daten an Dritte weiterzugeben.<\/p><p>\u00a0<\/p><p>\u00a0<\/p><ol start=\"8\"><li><h2>Datenweitergabe und Daten\u00fcbermittlung<\/h2><\/li><\/ol><p>\u00a0<\/p><p>Wir k\u00f6nnen Personendaten an Dritte weitergeben, wenn Sie dazu Ihre Einwilligung erteilt haben oder dies f\u00fcr die Erbringung der jeweiligen Leistung bzw. die Erf\u00fcllung des Vertragszwecks oder Wahrung unseres berechtigten Interesses notwendig ist oder wenn wir dazu gesetzlich verpflichtet sind.<\/p><p>\u00a0<\/p><p>Folgende Kategorien von Empf\u00e4ngern k\u00f6nnen Personendaten von uns erhalten:<\/p><ul><li>Dienstleister (z.B. IT-Dienstleister, Hosting-Provider, Lieferanten, Berater, Rechtsanw\u00e4lte, Versicherungen).<\/li><li>Dritte im Rahmen unserer gesetzlichen oder vertraglichen Verpflichtungen, Beh\u00f6rden (wie namentlich die Revisionsaufsichtsbeh\u00f6rde, Steuerbeh\u00f6rden etc.), staatliche Einrichtungen, Gerichte.<\/li><\/ul><p>\u00a0<\/p><p>Die von uns beauftragten Dritten sind vertraglich verpflichtet, den Datenschutz einzuhalten und die Daten nur f\u00fcr den von uns vorgegebenen Zweck zu bearbeiten.<\/p><p>\u00a0<\/p><p>\u00a0<\/p><ol start=\"9\"><li><h2>Ihre Rechte<\/h2><\/li><\/ol><p>\u00a0<\/p><p>Jede Person kann Auskunft \u00fcber die zu ihrer Person bearbeiteten Daten verlangen sowie zur Herkunft, dem Empf\u00e4nger und dem Zweck der Datenerhebung und Datenverarbeitung. Zudem haben Sie das Recht, die Berichtigung, Sperrung, L\u00f6schung oder \u00dcbertragung Ihrer Daten zu verlangen.<\/p><p>\u00a0<\/p><p>Daten, die aufgrund gesetzlicher Vorschriften aufbewahrt werden oder f\u00fcr die Gesch\u00e4ftsabwicklung ben\u00f6tigt werden, k\u00f6nnen bzw. d\u00fcrfen nicht gel\u00f6scht werden. Werden Daten nicht von einer gesetzlichen Archivierungspflicht oder unserem \u00fcberwiegenden Aufbewahrungsinteresses erfasst, l\u00f6schen wir Ihre Daten auf Ihren Wunsch. Greift die Archivierungspflicht, sperren wir Ihre Daten.<\/p><p>\u00a0<\/p><p>Dar\u00fcber hinaus k\u00f6nnen Sie Ihre Anspr\u00fcche gerichtlich geltend machen oder eine Beschwerde bei der zust\u00e4ndigen Datenschutzbeh\u00f6rde einzureichen.<\/p><p>\u00a0<\/p><ol start=\"10\"><li><h2>Schlussbestimmungen<\/h2><\/li><\/ol><p><strong>\u00a0<\/strong><\/p><ul><li><strong>Verantwortliche Stelle und Kontakt<\/strong><\/li><\/ul><p>\u00a0<\/p><p>Wir sind verantwortlich f\u00fcr die Datenbearbeitung nach dieser Datenschutzerkl\u00e4rung, soweit nichts anders geregelt ist.<\/p><p>\u00a0<\/p><p>Der Datenschutzbeauftragte ist Herr St\u00e9phane Droxler.<\/p><p>\u00a0<\/p><p>Generelle Anfragen zum Datenschutz k\u00f6nnen per Post an<\/p><p>\u00a0<\/p><p>DP&amp;S S\u00e0rl<\/p><p>DPO de FHS Group SA<\/p><p>Ch. De la Cl\u00e9 des Champs 8<\/p><p>2022 Bevaix<\/p><p>\u00a0<\/p><p>oder per E-Mail an<\/p><p>\u00a0<\/p><p><a href=\"mailto:privacy@dps.expert\">privacy@dps.expert<\/a><\/p><p>\u00a0<\/p><p>gesendet werden.<\/p><p>\u00a0<\/p><p>Bei Fragen bez\u00fcglich einer bestimmten Person, Berichtigungsbegehren oder einem L\u00f6schgesuch muss eine Kopie der ID oder des Passes zur Identifikation des Nutzers beigelegt werden.\u00a0<\/p><p>\u00a0<\/p><p>\u00a0<\/p><ul><li><strong>Anpassungen der Datenschutzerkl\u00e4rung<\/strong><\/li><\/ul><p><strong>\u00a0<\/strong><\/p><p>Wir k\u00f6nnen unsere Datenschutzerkl\u00e4rung jederzeit durch Ver\u00f6ffentlichung auf der Website anpassen. Diese Datenschutzerkl\u00e4rung wurde zuletzt am 10. Oktober 2024 aktualisiert.<\/p><p>\u00a0<\/p><p>\u00a0<\/p><p>\u00a0<\/p><p><a href=\"#_ftnref1\" name=\"_ftn1\">[1]<\/a> <a href=\"https:\/\/www.fedlex.admin.ch\/eli\/fga\/2020\/1998\/de\">Bundesgesetz vom 25. September 2020 \u00fcber den Datenschutz<\/a><\/p><p><a href=\"#_ftnref2\" name=\"_ftn2\">[2]<\/a><\/p>\t\t\t\t\t\t<\/div>\n\t\t\t\t<\/div>\n\t\t\t\t<div class=\"elementor-element elementor-element-4562a87 elementor-widget elementor-widget-shortcode\" data-id=\"4562a87\" data-element_type=\"widget\" data-widget_type=\"shortcode.default\">\n\t\t\t\t<div class=\"elementor-widget-container\">\n\t\t\t\t\t<div class=\"elementor-shortcode\"><\/div>\n\t\t\t\t<\/div>\n\t\t\t\t<\/div>\n\t\t\t\t\t<\/div>\n\t\t<\/div>\n\t\t\t\t\t\t\t<\/div>\n\t\t<\/section>\n\t\t\t\t\t\t\t<\/div>\n\t\t","protected":false},"excerpt":{"rendered":"<p>\u00a0 Wer wir sind \u00a0 Die Fiduciaire Horlog\u00e8re Suisse SA (nachstehend FHS Group) ist eine Aktiengesellschaft nach Schweizer Recht mit Sitz in Biel, eingetragen im Handelsregister unter der Nr. CHE-105.790.611, mit Niederlassung in La Chaux-de-Fonds. \u00a0 Das Dienstleistungsangebot der FHS Group umfasst unter anderem: Revisionsdienstleistungen, Beratung von Unternehmen und Privatpersonen F\u00fchren von Buchhaltungen und Lohnbuchhaltungen [&hellip;]<\/p>\n","protected":false},"author":1,"featured_media":0,"parent":0,"menu_order":0,"comment_status":"closed","ping_status":"closed","template":"","meta":{"_acf_changed":false,"inline_featured_image":false,"footnotes":""},"class_list":["post-2667","page","type-page","status-publish","hentry"],"acf":[],"_links":{"self":[{"href":"https:\/\/fhs-group.ch\/de\/wp-json\/wp\/v2\/pages\/2667","targetHints":{"allow":["GET"]}}],"collection":[{"href":"https:\/\/fhs-group.ch\/de\/wp-json\/wp\/v2\/pages"}],"about":[{"href":"https:\/\/fhs-group.ch\/de\/wp-json\/wp\/v2\/types\/page"}],"author":[{"embeddable":true,"href":"https:\/\/fhs-group.ch\/de\/wp-json\/wp\/v2\/users\/1"}],"replies":[{"embeddable":true,"href":"https:\/\/fhs-group.ch\/de\/wp-json\/wp\/v2\/comments?post=2667"}],"version-history":[{"count":4,"href":"https:\/\/fhs-group.ch\/de\/wp-json\/wp\/v2\/pages\/2667\/revisions"}],"predecessor-version":[{"id":2674,"href":"https:\/\/fhs-group.ch\/de\/wp-json\/wp\/v2\/pages\/2667\/revisions\/2674"}],"wp:attachment":[{"href":"https:\/\/fhs-group.ch\/de\/wp-json\/wp\/v2\/media?parent=2667"}],"curies":[{"name":"wp","href":"https:\/\/api.w.org\/{rel}","templated":true}]}}