{"id":2091,"date":"2023-09-15T10:47:57","date_gmt":"2023-09-15T08:47:57","guid":{"rendered":"https:\/\/fhs-group.ch\/traductions-manquante\/"},"modified":"2023-11-01T09:57:29","modified_gmt":"2023-11-01T08:57:29","slug":"aktuelles","status":"publish","type":"page","link":"https:\/\/fhs-group.ch\/de\/aktuelles\/","title":{"rendered":"Aktuelles"},"content":{"rendered":"\t\t<div data-elementor-type=\"wp-page\" data-elementor-id=\"2091\" class=\"elementor elementor-2091 elementor-1591\" data-elementor-post-type=\"page\">\n\t\t\t\t\t\t\t\t\t<section class=\"elementor-section elementor-top-section elementor-element elementor-element-ea75d48 elementor-section-height-min-height elementor-section-boxed elementor-section-height-default elementor-section-items-middle\" data-id=\"ea75d48\" data-element_type=\"section\" data-settings=\"{&quot;background_background&quot;:&quot;classic&quot;}\">\n\t\t\t\t\t\t\t<div class=\"elementor-background-overlay\"><\/div>\n\t\t\t\t\t\t\t<div class=\"elementor-container elementor-column-gap-default\">\n\t\t\t\t\t<div class=\"elementor-column elementor-col-100 elementor-top-column elementor-element elementor-element-9947758\" data-id=\"9947758\" data-element_type=\"column\">\n\t\t\t<div class=\"elementor-widget-wrap\">\n\t\t\t\t\t\t\t\t\t<\/div>\n\t\t<\/div>\n\t\t\t\t\t\t\t<\/div>\n\t\t<\/section>\n\t\t\t\t<section class=\"elementor-section elementor-top-section elementor-element elementor-element-e984ad8 elementor-section-boxed elementor-section-height-default elementor-section-height-default\" data-id=\"e984ad8\" data-element_type=\"section\">\n\t\t\t\t\t\t<div class=\"elementor-container elementor-column-gap-default\">\n\t\t\t\t\t<div class=\"elementor-column elementor-col-100 elementor-top-column elementor-element elementor-element-d683bf1\" data-id=\"d683bf1\" data-element_type=\"column\">\n\t\t\t<div class=\"elementor-widget-wrap elementor-element-populated\">\n\t\t\t\t\t\t\t\t<div class=\"elementor-element elementor-element-1f1b424 elementor-widget-tablet__width-initial elementor-widget-mobile__width-inherit elementor-widget__width-auto elementor-widget elementor-widget-heading\" data-id=\"1f1b424\" data-element_type=\"widget\" data-widget_type=\"heading.default\">\n\t\t\t\t<div class=\"elementor-widget-container\">\n\t\t\t<style>\/*! elementor - v3.17.0 - 01-11-2023 *\/\n.elementor-heading-title{padding:0;margin:0;line-height:1}.elementor-widget-heading .elementor-heading-title[class*=elementor-size-]>a{color:inherit;font-size:inherit;line-height:inherit}.elementor-widget-heading .elementor-heading-title.elementor-size-small{font-size:15px}.elementor-widget-heading .elementor-heading-title.elementor-size-medium{font-size:19px}.elementor-widget-heading .elementor-heading-title.elementor-size-large{font-size:29px}.elementor-widget-heading .elementor-heading-title.elementor-size-xl{font-size:39px}.elementor-widget-heading .elementor-heading-title.elementor-size-xxl{font-size:59px}<\/style><h1 class=\"elementor-heading-title elementor-size-xl\">FHS <span class=\"secondary-text thin\">Aktuelles<\/span><\/h1>\t\t<\/div>\n\t\t\t\t<\/div>\n\t\t\t\t<div class=\"elementor-element elementor-element-5741375 elementor-widget elementor-widget-spacer\" data-id=\"5741375\" data-element_type=\"widget\" data-widget_type=\"spacer.default\">\n\t\t\t\t<div class=\"elementor-widget-container\">\n\t\t\t<style>\/*! elementor - v3.17.0 - 01-11-2023 *\/\n.elementor-column .elementor-spacer-inner{height:var(--spacer-size)}.e-con{--container-widget-width:100%}.e-con-inner>.elementor-widget-spacer,.e-con>.elementor-widget-spacer{width:var(--container-widget-width,var(--spacer-size));--align-self:var(--container-widget-align-self,initial);--flex-shrink:0}.e-con-inner>.elementor-widget-spacer>.elementor-widget-container,.e-con>.elementor-widget-spacer>.elementor-widget-container{height:100%;width:100%}.e-con-inner>.elementor-widget-spacer>.elementor-widget-container>.elementor-spacer,.e-con>.elementor-widget-spacer>.elementor-widget-container>.elementor-spacer{height:100%}.e-con-inner>.elementor-widget-spacer>.elementor-widget-container>.elementor-spacer>.elementor-spacer-inner,.e-con>.elementor-widget-spacer>.elementor-widget-container>.elementor-spacer>.elementor-spacer-inner{height:var(--container-widget-height,var(--spacer-size))}.e-con-inner>.elementor-widget-spacer.elementor-widget-empty,.e-con>.elementor-widget-spacer.elementor-widget-empty{position:relative;min-height:22px;min-width:22px}.e-con-inner>.elementor-widget-spacer.elementor-widget-empty .elementor-widget-empty-icon,.e-con>.elementor-widget-spacer.elementor-widget-empty .elementor-widget-empty-icon{position:absolute;top:0;bottom:0;left:0;right:0;margin:auto;padding:0;width:22px;height:22px}<\/style>\t\t<div class=\"elementor-spacer\">\n\t\t\t<div class=\"elementor-spacer-inner\"><\/div>\n\t\t<\/div>\n\t\t\t\t<\/div>\n\t\t\t\t<\/div>\n\t\t\t\t<div class=\"elementor-element elementor-element-89d6a81 elementor-posts--align-left elementor-grid-3 elementor-grid-tablet-2 elementor-grid-mobile-1 elementor-posts--thumbnail-top elementor-card-shadow-yes elementor-posts__hover-gradient elementor-widget elementor-widget-posts\" data-id=\"89d6a81\" data-element_type=\"widget\" data-settings=\"{&quot;cards_columns&quot;:&quot;3&quot;,&quot;cards_columns_tablet&quot;:&quot;2&quot;,&quot;cards_columns_mobile&quot;:&quot;1&quot;,&quot;cards_row_gap&quot;:{&quot;unit&quot;:&quot;px&quot;,&quot;size&quot;:35,&quot;sizes&quot;:[]},&quot;cards_row_gap_tablet&quot;:{&quot;unit&quot;:&quot;px&quot;,&quot;size&quot;:&quot;&quot;,&quot;sizes&quot;:[]},&quot;cards_row_gap_mobile&quot;:{&quot;unit&quot;:&quot;px&quot;,&quot;size&quot;:&quot;&quot;,&quot;sizes&quot;:[]}}\" data-widget_type=\"posts.cards\">\n\t\t\t\t<div class=\"elementor-widget-container\">\n\t\t\t<link rel=\"stylesheet\" href=\"https:\/\/fhs-group.ch\/wp-content\/plugins\/elementor-pro\/assets\/css\/widget-posts.min.css\">\t\t<div class=\"elementor-posts-container elementor-posts elementor-posts--skin-cards elementor-grid\">\n\t\t\t\t<article class=\"elementor-post elementor-grid-item post-2439 post type-post status-publish format-standard has-post-thumbnail hentry category-ereignis\">\n\t\t\t<div class=\"elementor-post__card\">\n\t\t\t\t<a class=\"elementor-post__thumbnail__link\" href=\"https:\/\/fhs-group.ch\/de\/fhs-z-morge-2026\/\" tabindex=\"-1\" ><div class=\"elementor-post__thumbnail\"><img decoding=\"async\" width=\"2560\" height=\"1707\" src=\"https:\/\/ml5mzplchzym.i.optimole.com\/cb:2oXj.47d63\/w:1619\/h:1080\/q:90\/ig:avif\/sm:0\/f:best\/https:\/\/fhs-group.ch\/wp-content\/uploads\/2025\/02\/WEB_DSC03811-scaled-e1768986992175.jpg\" class=\"attachment-medium_large size-medium_large wp-image-2901\" alt=\"\" \/><\/div><\/a>\n\t\t\t\t<div class=\"elementor-post__badge\">Ereignis<\/div>\n\t\t\t\t<div class=\"elementor-post__text\">\n\t\t\t\t<h3 class=\"elementor-post__title\">\n\t\t\t<a href=\"https:\/\/fhs-group.ch\/de\/fhs-z-morge-2026\/\" >\n\t\t\t\tFHS z\u2019Morge \u2013 2026\t\t\t<\/a>\n\t\t<\/h3>\n\t\t\t\t<div class=\"elementor-post__excerpt\">\n\t\t\t<p>\u00ab FHS z\u2019Morge \u00bb ist eine zweisprachige (Deutsch und Franz\u00f6sisch) Morgenveranstaltung der Fiduciaire Horlog\u00e8re Suisse SA zu aktuellen Themen aus der Welt der Revision, der Steuern und des Treuhandwesens. <\/p>\n\t\t<\/div>\n\t\t\t\t\t<div class=\"elementor-post__read-more-wrapper\">\n\t\t\n\t\t<a class=\"elementor-post__read-more\" href=\"https:\/\/fhs-group.ch\/de\/fhs-z-morge-2026\/\" aria-label=\"Mehr \u00fcber FHS z\u2019Morge \u2013 2026\" tabindex=\"-1\" >\n\t\t\tWeiterlesen \u00bb\t\t<\/a>\n\n\t\t\t\t\t<\/div>\n\t\t\t\t<\/div>\n\t\t\t\t<div class=\"elementor-post__meta-data\">\n\t\t\t\t\t<span class=\"elementor-post-date\">\n\t\t\tJanuar 21, 2026\t\t<\/span>\n\t\t\t\t<\/div>\n\t\t\t\t\t<\/div>\n\t\t<\/article>\n\t\t\t\t<article class=\"elementor-post elementor-grid-item post-2858 post type-post status-publish format-standard has-post-thumbnail hentry category-aktuelles\">\n\t\t\t<div class=\"elementor-post__card\">\n\t\t\t\t<a class=\"elementor-post__thumbnail__link\" href=\"https:\/\/fhs-group.ch\/de\/neue-zugelassene-revisionsexpertin\/\" tabindex=\"-1\" ><div class=\"elementor-post__thumbnail\"><img decoding=\"async\" width=\"1200\" height=\"890\" src=\"https:\/\/ml5mzplchzym.i.optimole.com\/cb:2oXj.47d63\/w:1200\/h:890\/q:90\/ig:avif\/sm:0\/f:best\/https:\/\/fhs-group.ch\/wp-content\/uploads\/2025\/09\/ILARIA_CAVALLARO.jpg\" class=\"attachment-medium_large size-medium_large wp-image-2874\" alt=\"\" srcset=\"https:\/\/ml5mzplchzym.i.optimole.com\/cb:2oXj.47d63\/w:1200\/h:890\/q:90\/ig:avif\/sm:0\/f:best\/https:\/\/fhs-group.ch\/wp-content\/uploads\/2025\/09\/ILARIA_CAVALLARO.jpg 1200w, https:\/\/ml5mzplchzym.i.optimole.com\/cb:2oXj.47d63\/w:300\/h:223\/q:90\/ig:avif\/sm:0\/f:best\/https:\/\/fhs-group.ch\/wp-content\/uploads\/2025\/09\/ILARIA_CAVALLARO.jpg 300w, https:\/\/ml5mzplchzym.i.optimole.com\/cb:2oXj.47d63\/w:1024\/h:759\/q:90\/ig:avif\/sm:0\/f:best\/https:\/\/fhs-group.ch\/wp-content\/uploads\/2025\/09\/ILARIA_CAVALLARO.jpg 1024w, https:\/\/ml5mzplchzym.i.optimole.com\/cb:2oXj.47d63\/w:768\/h:570\/q:90\/ig:avif\/sm:0\/f:best\/https:\/\/fhs-group.ch\/wp-content\/uploads\/2025\/09\/ILARIA_CAVALLARO.jpg 768w\" sizes=\"(max-width: 800px) 100vw, 800px\" \/><\/div><\/a>\n\t\t\t\t<div class=\"elementor-post__badge\">aktuelles<\/div>\n\t\t\t\t<div class=\"elementor-post__text\">\n\t\t\t\t<h3 class=\"elementor-post__title\">\n\t\t\t<a href=\"https:\/\/fhs-group.ch\/de\/neue-zugelassene-revisionsexpertin\/\" >\n\t\t\t\tNeue zugelassene Revisionsexpertin\t\t\t<\/a>\n\t\t<\/h3>\n\t\t\t\t<div class=\"elementor-post__excerpt\">\n\t\t\t<p>Wir freuen uns, Ihnen mitteilen zu k\u00f6nnen, dass Frau Ilaria Cavallaro, Mitarbeiterin der Fiduciaire Horlog\u00e8re Suisse SA, von der Eidgen\u00f6ssischen Revisionsaufsichtsbeh\u00f6rde (RAB) als Revisionsexpertin zugelassen wurde.<\/p>\n\t\t<\/div>\n\t\t\t\t\t<div class=\"elementor-post__read-more-wrapper\">\n\t\t\n\t\t<a class=\"elementor-post__read-more\" href=\"https:\/\/fhs-group.ch\/de\/neue-zugelassene-revisionsexpertin\/\" aria-label=\"Mehr \u00fcber Neue zugelassene Revisionsexpertin\" tabindex=\"-1\" >\n\t\t\tWeiterlesen \u00bb\t\t<\/a>\n\n\t\t\t\t\t<\/div>\n\t\t\t\t<\/div>\n\t\t\t\t<div class=\"elementor-post__meta-data\">\n\t\t\t\t\t<span class=\"elementor-post-date\">\n\t\t\tSeptember 26, 2025\t\t<\/span>\n\t\t\t\t<\/div>\n\t\t\t\t\t<\/div>\n\t\t<\/article>\n\t\t\t\t<article class=\"elementor-post elementor-grid-item post-2834 post type-post status-publish format-standard has-post-thumbnail hentry category-aktuelles\">\n\t\t\t<div class=\"elementor-post__card\">\n\t\t\t\t<a class=\"elementor-post__thumbnail__link\" href=\"https:\/\/fhs-group.ch\/de\/revision-der-ausgleichskassen\/\" tabindex=\"-1\" ><div class=\"elementor-post__thumbnail\"><img decoding=\"async\" width=\"2560\" height=\"1709\" src=\"https:\/\/ml5mzplchzym.i.optimole.com\/cb:2oXj.47d63\/w:1617\/h:1080\/q:90\/ig:avif\/sm:0\/f:best\/https:\/\/fhs-group.ch\/wp-content\/uploads\/2025\/09\/shutterstock_2536672369-scaled.jpg\" class=\"attachment-medium_large size-medium_large wp-image-2831\" alt=\"\" srcset=\"https:\/\/ml5mzplchzym.i.optimole.com\/cb:2oXj.47d63\/w:1617\/h:1080\/q:90\/ig:avif\/sm:0\/f:best\/https:\/\/fhs-group.ch\/wp-content\/uploads\/2025\/09\/shutterstock_2536672369-scaled.jpg 2560w, https:\/\/ml5mzplchzym.i.optimole.com\/cb:2oXj.47d63\/w:300\/h:200\/q:90\/ig:avif\/sm:0\/f:best\/https:\/\/fhs-group.ch\/wp-content\/uploads\/2025\/09\/shutterstock_2536672369-scaled.jpg 300w, https:\/\/ml5mzplchzym.i.optimole.com\/cb:2oXj.47d63\/w:1024\/h:684\/q:90\/ig:avif\/sm:0\/f:best\/https:\/\/fhs-group.ch\/wp-content\/uploads\/2025\/09\/shutterstock_2536672369-scaled.jpg 1024w, https:\/\/ml5mzplchzym.i.optimole.com\/cb:2oXj.47d63\/w:768\/h:513\/q:90\/ig:avif\/sm:0\/f:best\/https:\/\/fhs-group.ch\/wp-content\/uploads\/2025\/09\/shutterstock_2536672369-scaled.jpg 768w, https:\/\/ml5mzplchzym.i.optimole.com\/cb:2oXj.47d63\/w:1536\/h:1025\/q:90\/ig:avif\/sm:0\/f:best\/https:\/\/fhs-group.ch\/wp-content\/uploads\/2025\/09\/shutterstock_2536672369-scaled.jpg 1536w, https:\/\/ml5mzplchzym.i.optimole.com\/cb:2oXj.47d63\/w:1618\/h:1080\/q:90\/ig:avif\/sm:0\/f:best\/https:\/\/fhs-group.ch\/wp-content\/uploads\/2025\/09\/shutterstock_2536672369-scaled.jpg 2048w\" sizes=\"(max-width: 800px) 100vw, 800px\" \/><\/div><\/a>\n\t\t\t\t<div class=\"elementor-post__badge\">aktuelles<\/div>\n\t\t\t\t<div class=\"elementor-post__text\">\n\t\t\t\t<h3 class=\"elementor-post__title\">\n\t\t\t<a href=\"https:\/\/fhs-group.ch\/de\/revision-der-ausgleichskassen\/\" >\n\t\t\t\tRevision der Ausgleichskassen\t\t\t<\/a>\n\t\t<\/h3>\n\t\t\t\t<div class=\"elementor-post__excerpt\">\n\t\t\t<p>Wir freuen uns Ihnen mitzuteilen, dass unsere Revisionsgesellschaft sowie drei Mitarbeitende von der Revisionsaufsichtsbeh\u00f6rde (RAB) offiziell f\u00fcr die Pr\u00fcfung von Ausgleichskassen zugelassen sind.<\/p>\n\t\t<\/div>\n\t\t\t\t\t<div class=\"elementor-post__read-more-wrapper\">\n\t\t\n\t\t<a class=\"elementor-post__read-more\" href=\"https:\/\/fhs-group.ch\/de\/revision-der-ausgleichskassen\/\" aria-label=\"Mehr \u00fcber Revision der Ausgleichskassen\" tabindex=\"-1\" >\n\t\t\tWeiterlesen \u00bb\t\t<\/a>\n\n\t\t\t\t\t<\/div>\n\t\t\t\t<\/div>\n\t\t\t\t<div class=\"elementor-post__meta-data\">\n\t\t\t\t\t<span class=\"elementor-post-date\">\n\t\t\tSeptember 19, 2025\t\t<\/span>\n\t\t\t\t<\/div>\n\t\t\t\t\t<\/div>\n\t\t<\/article>\n\t\t\t\t<article class=\"elementor-post elementor-grid-item post-2878 post type-post status-publish format-standard has-post-thumbnail hentry category-ereignis\">\n\t\t\t<div class=\"elementor-post__card\">\n\t\t\t\t<a class=\"elementor-post__thumbnail__link\" href=\"https:\/\/fhs-group.ch\/de\/fhs-zmorge-2025-2\/\" tabindex=\"-1\" ><div class=\"elementor-post__thumbnail\"><img decoding=\"async\" width=\"2560\" height=\"1707\" src=\"https:\/\/ml5mzplchzym.i.optimole.com\/cb:2oXj.47d63\/w:1619\/h:1080\/q:90\/ig:avif\/sm:0\/f:best\/https:\/\/fhs-group.ch\/wp-content\/uploads\/2025\/02\/Couv_AIV06068-scaled.jpg\" class=\"attachment-medium_large size-medium_large wp-image-2774\" alt=\"\" srcset=\"https:\/\/ml5mzplchzym.i.optimole.com\/cb:2oXj.47d63\/w:1619\/h:1080\/q:90\/ig:avif\/sm:0\/f:best\/https:\/\/fhs-group.ch\/wp-content\/uploads\/2025\/02\/Couv_AIV06068-scaled.jpg 2560w, https:\/\/ml5mzplchzym.i.optimole.com\/cb:2oXj.47d63\/w:300\/h:200\/q:90\/ig:avif\/sm:0\/f:best\/https:\/\/fhs-group.ch\/wp-content\/uploads\/2025\/02\/Couv_AIV06068-scaled.jpg 300w, https:\/\/ml5mzplchzym.i.optimole.com\/cb:2oXj.47d63\/w:1024\/h:683\/q:90\/ig:avif\/sm:0\/f:best\/https:\/\/fhs-group.ch\/wp-content\/uploads\/2025\/02\/Couv_AIV06068-scaled.jpg 1024w, https:\/\/ml5mzplchzym.i.optimole.com\/cb:2oXj.47d63\/w:768\/h:512\/q:90\/ig:avif\/sm:0\/f:best\/https:\/\/fhs-group.ch\/wp-content\/uploads\/2025\/02\/Couv_AIV06068-scaled.jpg 768w, https:\/\/ml5mzplchzym.i.optimole.com\/cb:2oXj.47d63\/w:1536\/h:1024\/q:90\/ig:avif\/sm:0\/f:best\/https:\/\/fhs-group.ch\/wp-content\/uploads\/2025\/02\/Couv_AIV06068-scaled.jpg 1536w, https:\/\/ml5mzplchzym.i.optimole.com\/cb:2oXj.47d63\/w:1620\/h:1080\/q:90\/ig:avif\/sm:0\/f:best\/https:\/\/fhs-group.ch\/wp-content\/uploads\/2025\/02\/Couv_AIV06068-scaled.jpg 2048w\" sizes=\"(max-width: 800px) 100vw, 800px\" \/><\/div><\/a>\n\t\t\t\t<div class=\"elementor-post__badge\">Ereignis<\/div>\n\t\t\t\t<div class=\"elementor-post__text\">\n\t\t\t\t<h3 class=\"elementor-post__title\">\n\t\t\t<a href=\"https:\/\/fhs-group.ch\/de\/fhs-zmorge-2025-2\/\" >\n\t\t\t\tFHS z&#8217;Morge &#8211; 2025\t\t\t<\/a>\n\t\t<\/h3>\n\t\t\t\t<div class=\"elementor-post__excerpt\">\n\t\t\t<p>Am 28. M\u00e4rz 2025 hat die 9. Ausgabe unseres FHS-Fr\u00fchst\u00fcckevents erneut Kunden und Gesch\u00e4ftspartner zu einem bereichernden Vormittag zusammengebracht, der sich mit zwei aktuellen Themen besch\u00e4ftigte: der Steuerpolitik im Kanton Bern und der regionalen Attraktivit\u00e4t der Region Grand Chasseral.<\/p>\n\t\t<\/div>\n\t\t\t\t\t<div class=\"elementor-post__read-more-wrapper\">\n\t\t\n\t\t<a class=\"elementor-post__read-more\" href=\"https:\/\/fhs-group.ch\/de\/fhs-zmorge-2025-2\/\" aria-label=\"Mehr \u00fcber FHS z&#8217;Morge &#8211; 2025\" tabindex=\"-1\" >\n\t\t\tWeiterlesen \u00bb\t\t<\/a>\n\n\t\t\t\t\t<\/div>\n\t\t\t\t<\/div>\n\t\t\t\t<div class=\"elementor-post__meta-data\">\n\t\t\t\t\t<span class=\"elementor-post-date\">\n\t\t\tApril 1, 2025\t\t<\/span>\n\t\t\t\t<\/div>\n\t\t\t\t\t<\/div>\n\t\t<\/article>\n\t\t\t\t<article class=\"elementor-post elementor-grid-item post-2705 post type-post status-publish format-standard has-post-thumbnail hentry category-ereignis\">\n\t\t\t<div class=\"elementor-post__card\">\n\t\t\t\t<a class=\"elementor-post__thumbnail__link\" href=\"https:\/\/fhs-group.ch\/de\/fhs-z-morge-2024\/\" tabindex=\"-1\" ><div class=\"elementor-post__thumbnail\"><img decoding=\"async\" width=\"8256\" height=\"5504\" src=\"https:\/\/ml5mzplchzym.i.optimole.com\/cb:2oXj.47d63\/w:1620\/h:1080\/q:90\/ig:avif\/sm:0\/f:best\/https:\/\/fhs-group.ch\/wp-content\/uploads\/2024\/02\/FHS-4189.jpg\" class=\"attachment-medium_large size-medium_large wp-image-2559\" alt=\"\" srcset=\"https:\/\/ml5mzplchzym.i.optimole.com\/cb:2oXj.47d63\/w:1620\/h:1080\/q:90\/ig:avif\/sm:0\/f:best\/https:\/\/fhs-group.ch\/wp-content\/uploads\/2024\/02\/FHS-4189.jpg 8256w, https:\/\/ml5mzplchzym.i.optimole.com\/cb:2oXj.47d63\/w:300\/h:200\/q:90\/ig:avif\/sm:0\/f:best\/https:\/\/fhs-group.ch\/wp-content\/uploads\/2024\/02\/FHS-4189.jpg 300w, https:\/\/ml5mzplchzym.i.optimole.com\/cb:2oXj.47d63\/w:1024\/h:683\/q:90\/ig:avif\/sm:0\/f:best\/https:\/\/fhs-group.ch\/wp-content\/uploads\/2024\/02\/FHS-4189.jpg 1024w, https:\/\/ml5mzplchzym.i.optimole.com\/cb:2oXj.47d63\/w:768\/h:512\/q:90\/ig:avif\/sm:0\/f:best\/https:\/\/fhs-group.ch\/wp-content\/uploads\/2024\/02\/FHS-4189.jpg 768w, https:\/\/ml5mzplchzym.i.optimole.com\/cb:2oXj.47d63\/w:1536\/h:1024\/q:90\/ig:avif\/sm:0\/f:best\/https:\/\/fhs-group.ch\/wp-content\/uploads\/2024\/02\/FHS-4189.jpg 1536w\" sizes=\"(max-width: 800px) 100vw, 800px\" \/><\/div><\/a>\n\t\t\t\t<div class=\"elementor-post__badge\">Ereignis<\/div>\n\t\t\t\t<div class=\"elementor-post__text\">\n\t\t\t\t<h3 class=\"elementor-post__title\">\n\t\t\t<a href=\"https:\/\/fhs-group.ch\/de\/fhs-z-morge-2024\/\" >\n\t\t\t\tFHS z&#8217;Morge &#8211; 2024\t\t\t<\/a>\n\t\t<\/h3>\n\t\t\t\t<div class=\"elementor-post__excerpt\">\n\t\t\t<p>Am 22. M\u00e4rz fand die achte Ausgabe unseres mittlerweile traditionellen FHS P&#8217;tit D\u00e9j statt. <\/p>\n\t\t<\/div>\n\t\t\t\t\t<div class=\"elementor-post__read-more-wrapper\">\n\t\t\n\t\t<a class=\"elementor-post__read-more\" href=\"https:\/\/fhs-group.ch\/de\/fhs-z-morge-2024\/\" aria-label=\"Mehr \u00fcber FHS z&#8217;Morge &#8211; 2024\" tabindex=\"-1\" >\n\t\t\tWeiterlesen \u00bb\t\t<\/a>\n\n\t\t\t\t\t<\/div>\n\t\t\t\t<\/div>\n\t\t\t\t<div class=\"elementor-post__meta-data\">\n\t\t\t\t\t<span class=\"elementor-post-date\">\n\t\t\tFebruar 24, 2024\t\t<\/span>\n\t\t\t\t<\/div>\n\t\t\t\t\t<\/div>\n\t\t<\/article>\n\t\t\t\t<article class=\"elementor-post elementor-grid-item post-2101 post type-post status-publish format-standard has-post-thumbnail hentry category-aktuelles\">\n\t\t\t<div class=\"elementor-post__card\">\n\t\t\t\t<a class=\"elementor-post__thumbnail__link\" href=\"https:\/\/fhs-group.ch\/de\/neue-unternehmensidentitaet\/\" tabindex=\"-1\" ><div class=\"elementor-post__thumbnail\"><img decoding=\"async\" width=\"2560\" height=\"2048\" src=\"https:\/\/ml5mzplchzym.i.optimole.com\/cb:2oXj.47d63\/w:1350\/h:1080\/q:90\/ig:avif\/sm:0\/f:best\/https:\/\/fhs-group.ch\/wp-content\/uploads\/2023\/10\/newsletter-scaled.jpg\" class=\"attachment-medium_large size-medium_large wp-image-1823\" alt=\"\" srcset=\"https:\/\/ml5mzplchzym.i.optimole.com\/cb:2oXj.47d63\/w:1350\/h:1080\/q:90\/ig:avif\/sm:0\/f:best\/https:\/\/fhs-group.ch\/wp-content\/uploads\/2023\/10\/newsletter-scaled.jpg 2560w, https:\/\/ml5mzplchzym.i.optimole.com\/cb:2oXj.47d63\/w:300\/h:240\/q:90\/ig:avif\/sm:0\/f:best\/https:\/\/fhs-group.ch\/wp-content\/uploads\/2023\/10\/newsletter-scaled.jpg 300w, https:\/\/ml5mzplchzym.i.optimole.com\/cb:2oXj.47d63\/w:1024\/h:819\/q:90\/ig:avif\/sm:0\/f:best\/https:\/\/fhs-group.ch\/wp-content\/uploads\/2023\/10\/newsletter-scaled.jpg 1024w, https:\/\/ml5mzplchzym.i.optimole.com\/cb:2oXj.47d63\/w:768\/h:614\/q:90\/ig:avif\/sm:0\/f:best\/https:\/\/fhs-group.ch\/wp-content\/uploads\/2023\/10\/newsletter-scaled.jpg 768w, https:\/\/ml5mzplchzym.i.optimole.com\/cb:2oXj.47d63\/w:1349\/h:1080\/q:90\/ig:avif\/sm:0\/f:best\/https:\/\/fhs-group.ch\/wp-content\/uploads\/2023\/10\/newsletter-scaled.jpg 1536w, https:\/\/ml5mzplchzym.i.optimole.com\/cb:2oXj.47d63\/w:1350\/h:1080\/q:90\/ig:avif\/sm:0\/f:best\/https:\/\/fhs-group.ch\/wp-content\/uploads\/2023\/10\/newsletter-scaled.jpg 2048w\" sizes=\"(max-width: 800px) 100vw, 800px\" \/><\/div><\/a>\n\t\t\t\t<div class=\"elementor-post__badge\">aktuelles<\/div>\n\t\t\t\t<div class=\"elementor-post__text\">\n\t\t\t\t<h3 class=\"elementor-post__title\">\n\t\t\t<a href=\"https:\/\/fhs-group.ch\/de\/neue-unternehmensidentitaet\/\" >\n\t\t\t\tNeue Unternehmensidentit\u00e4t\t\t\t<\/a>\n\t\t<\/h3>\n\t\t\t\t<div class=\"elementor-post__excerpt\">\n\t\t\t<p>Die 1928 von Uhrmachern und Bankiers gegr\u00fcndete Fiduciaire Horlog\u00e8re Suisse hat zahlreiche strukturelle Ver\u00e4nderungen durchlaufen, darunter die \u00dcbernahmen der Fiduciaire Soresa, der Fiduciaire Riesen AG und der FHS Fidufisc <\/p>\n\t\t<\/div>\n\t\t\t\t\t<div class=\"elementor-post__read-more-wrapper\">\n\t\t\n\t\t<a class=\"elementor-post__read-more\" href=\"https:\/\/fhs-group.ch\/de\/neue-unternehmensidentitaet\/\" aria-label=\"Mehr \u00fcber Neue Unternehmensidentit\u00e4t\" tabindex=\"-1\" >\n\t\t\tWeiterlesen \u00bb\t\t<\/a>\n\n\t\t\t\t\t<\/div>\n\t\t\t\t<\/div>\n\t\t\t\t<div class=\"elementor-post__meta-data\">\n\t\t\t\t\t<span class=\"elementor-post-date\">\n\t\t\tOktober 23, 2023\t\t<\/span>\n\t\t\t\t<\/div>\n\t\t\t\t\t<\/div>\n\t\t<\/article>\n\t\t\t\t<\/div>\n\t\t\n\t\t\t\t<\/div>\n\t\t\t\t<\/div>\n\t\t\t\t\t<\/div>\n\t\t<\/div>\n\t\t\t\t\t\t\t<\/div>\n\t\t<\/section>\n\t\t\t\t\t\t\t<\/div>\n\t\t","protected":false},"excerpt":{"rendered":"<p>FHS Aktuelles<\/p>\n","protected":false},"author":1,"featured_media":0,"parent":0,"menu_order":0,"comment_status":"closed","ping_status":"closed","template":"","meta":{"_acf_changed":false,"inline_featured_image":false,"footnotes":""},"class_list":["post-2091","page","type-page","status-publish","hentry"],"acf":[],"_links":{"self":[{"href":"https:\/\/fhs-group.ch\/de\/wp-json\/wp\/v2\/pages\/2091","targetHints":{"allow":["GET"]}}],"collection":[{"href":"https:\/\/fhs-group.ch\/de\/wp-json\/wp\/v2\/pages"}],"about":[{"href":"https:\/\/fhs-group.ch\/de\/wp-json\/wp\/v2\/types\/page"}],"author":[{"embeddable":true,"href":"https:\/\/fhs-group.ch\/de\/wp-json\/wp\/v2\/users\/1"}],"replies":[{"embeddable":true,"href":"https:\/\/fhs-group.ch\/de\/wp-json\/wp\/v2\/comments?post=2091"}],"version-history":[{"count":5,"href":"https:\/\/fhs-group.ch\/de\/wp-json\/wp\/v2\/pages\/2091\/revisions"}],"predecessor-version":[{"id":2169,"href":"https:\/\/fhs-group.ch\/de\/wp-json\/wp\/v2\/pages\/2091\/revisions\/2169"}],"wp:attachment":[{"href":"https:\/\/fhs-group.ch\/de\/wp-json\/wp\/v2\/media?parent=2091"}],"curies":[{"name":"wp","href":"https:\/\/api.w.org\/{rel}","templated":true}]}}